{"id":807,"date":"2019-02-26T14:57:29","date_gmt":"2019-02-26T13:57:29","guid":{"rendered":"http:\/\/gymequilibre.fr\/club\/?page_id=807"},"modified":"2026-01-25T14:17:30","modified_gmt":"2026-01-25T13:17:30","slug":"calendrier","status":"publish","type":"page","link":"https:\/\/gymequilibre.fr\/club\/competitions\/calendrier\/","title":{"rendered":"CALENDRIER"},"content":{"rendered":"\t\t<div data-elementor-type=\"wp-page\" data-elementor-id=\"807\" class=\"elementor elementor-807\">\n\t\t\t\t\t\t<div class=\"elementor-inner\">\n\t\t\t\t<div class=\"elementor-section-wrap\">\n\t\t\t\t\t\t\t\t\t<section class=\"elementor-section elementor-top-section elementor-element elementor-element-a10975f elementor-section-stretched elementor-section-boxed elementor-section-height-default elementor-section-height-default\" data-id=\"a10975f\" data-element_type=\"section\" data-settings=\"{&quot;stretch_section&quot;:&quot;section-stretched&quot;}\">\n\t\t\t\t\t\t<div class=\"elementor-container elementor-column-gap-default\">\n\t\t\t\t\t\t\t<div class=\"elementor-row\">\n\t\t\t\t\t<div class=\"elementor-column elementor-col-100 elementor-top-column elementor-element elementor-element-a9d98fd\" data-id=\"a9d98fd\" data-element_type=\"column\">\n\t\t\t<div class=\"elementor-column-wrap elementor-element-populated\">\n\t\t\t\t\t\t\t<div class=\"elementor-widget-wrap\">\n\t\t\t\t\t\t<div class=\"elementor-element elementor-element-0750313 elementor-widget elementor-widget-heading\" data-id=\"0750313\" data-element_type=\"widget\" data-widget_type=\"heading.default\">\n\t\t\t\t<div class=\"elementor-widget-container\">\n\t\t\t<h2 class=\"elementor-heading-title elementor-size-default\">Retrouvez ici tout le programme des comp\u00e9titions de l'ann\u00e9e<\/h2>\t\t<\/div>\n\t\t\t\t<\/div>\n\t\t\t\t\t\t<\/div>\n\t\t\t\t\t<\/div>\n\t\t<\/div>\n\t\t\t\t\t\t\t\t<\/div>\n\t\t\t\t\t<\/div>\n\t\t<\/section>\n\t\t\t\t<section class=\"elementor-section elementor-top-section elementor-element elementor-element-629e7533 elementor-section-stretched elementor-section-boxed elementor-section-height-default elementor-section-height-default\" data-id=\"629e7533\" data-element_type=\"section\" data-settings=\"{&quot;stretch_section&quot;:&quot;section-stretched&quot;}\">\n\t\t\t\t\t\t<div class=\"elementor-container elementor-column-gap-default\">\n\t\t\t\t\t\t\t<div class=\"elementor-row\">\n\t\t\t\t\t<div class=\"elementor-column elementor-col-100 elementor-top-column elementor-element elementor-element-65ecf48e\" data-id=\"65ecf48e\" data-element_type=\"column\">\n\t\t\t<div class=\"elementor-column-wrap elementor-element-populated\">\n\t\t\t\t\t\t\t<div class=\"elementor-widget-wrap\">\n\t\t\t\t\t\t<div class=\"elementor-element elementor-element-40f9714 elementor-widget elementor-widget-spacer\" data-id=\"40f9714\" data-element_type=\"widget\" data-widget_type=\"spacer.default\">\n\t\t\t\t<div class=\"elementor-widget-container\">\n\t\t\t\t\t<div class=\"elementor-spacer\">\n\t\t\t<div class=\"elementor-spacer-inner\"><\/div>\n\t\t<\/div>\n\t\t\t\t<\/div>\n\t\t\t\t<\/div>\n\t\t\t\t<div class=\"elementor-element elementor-element-57b54e1 elementor-widget elementor-widget-image\" data-id=\"57b54e1\" data-element_type=\"widget\" data-widget_type=\"image.default\">\n\t\t\t\t<div class=\"elementor-widget-container\">\n\t\t\t\t\t\t\t\t<div class=\"elementor-image\">\n\t\t\t\t\t\t\t\t\t\t\t\t<img decoding=\"async\" loading=\"lazy\" width=\"750\" height=\"866\" src=\"https:\/\/gymequilibre.fr\/club\/wp-content\/uploads\/2026\/01\/Plaquette-sponsors-2025-2026-e1769347012954-887x1024.png\" class=\"attachment-large size-large wp-image-4636\" alt=\"\" srcset=\"https:\/\/gymequilibre.fr\/club\/wp-content\/uploads\/2026\/01\/Plaquette-sponsors-2025-2026-e1769347012954-887x1024.png 887w, https:\/\/gymequilibre.fr\/club\/wp-content\/uploads\/2026\/01\/Plaquette-sponsors-2025-2026-e1769347012954-260x300.png 260w, https:\/\/gymequilibre.fr\/club\/wp-content\/uploads\/2026\/01\/Plaquette-sponsors-2025-2026-e1769347012954-768x886.png 768w, https:\/\/gymequilibre.fr\/club\/wp-content\/uploads\/2026\/01\/Plaquette-sponsors-2025-2026-e1769347012954-1331x1536.png 1331w, https:\/\/gymequilibre.fr\/club\/wp-content\/uploads\/2026\/01\/Plaquette-sponsors-2025-2026-e1769347012954.png 1413w\" sizes=\"(max-width: 750px) 100vw, 750px\" \/>\t\t\t\t\t\t\t\t\t\t\t\t\t\t<\/div>\n\t\t\t\t\t\t<\/div>\n\t\t\t\t<\/div>\n\t\t\t\t\t\t<\/div>\n\t\t\t\t\t<\/div>\n\t\t<\/div>\n\t\t\t\t\t\t\t\t<\/div>\n\t\t\t\t\t<\/div>\n\t\t<\/section>\n\t\t\t\t<section class=\"elementor-section elementor-top-section elementor-element elementor-element-8291065 elementor-hidden-desktop elementor-hidden-tablet elementor-hidden-mobile elementor-section-boxed elementor-section-height-default elementor-section-height-default\" data-id=\"8291065\" data-element_type=\"section\">\n\t\t\t\t\t\t<div class=\"elementor-container elementor-column-gap-default\">\n\t\t\t\t\t\t\t<div class=\"elementor-row\">\n\t\t\t\t\t<div class=\"elementor-column elementor-col-100 elementor-top-column elementor-element elementor-element-cc17a2e\" data-id=\"cc17a2e\" data-element_type=\"column\">\n\t\t\t<div class=\"elementor-column-wrap elementor-element-populated\">\n\t\t\t\t\t\t\t<div class=\"elementor-widget-wrap\">\n\t\t\t\t\t\t<div class=\"elementor-element elementor-element-1c3eb96 elementor-widget__width-inherit elementor-widget elementor-widget-event-listing\" data-id=\"1c3eb96\" data-element_type=\"widget\" data-widget_type=\"event-listing.default\">\n\t\t\t\t<div class=\"elementor-widget-container\">\n\t\t\t<div class=\"event_listings\" data-location=\"\" data-keywords=\"\" data-show_filters=\"true\" data-show_pagination=\"false\" data-per_page=\"20\" data-orderby=\"event_start_date\" data-order=\"ASC\" data-datetimes=\"\" data-categories=\"\" data-event_types=\"\" data-ticket_prices=\"\" data-event_online=\"\" data-featured=\"false\" >\n<form class=\"wpem-main wpem-form-wrapper wpem-event-filter-wrapper event_filters\" id=\"event_filters\">\n\t\t<div class=\"search_events search-form-container\">\n\t\t\t\t<div class=\"wpem-row\">\n\t\t\t<!-- Search by keywords section start -->\n\t\t\t<div class=\"wpem-col\">\n\t\t\t\t<!-- shows default keywords text field  start-->\n\t\t\t\t<div class=\"wpem-form-group\">\n\t\t\t\t\t<label for=\"search_keywords\" class=\"wpem-form-label\">Mots cl\u00e9s<\/label>\n\t\t\t\t\t<input type=\"text\" name=\"search_keywords\" id=\"search_keywords\" placeholder=\"Mots cl\u00e9s\" value=\"\" \/>\n\t\t\t\t<\/div>\n\t\t\t\t<!-- shows default keywords text field end -->\n\t\t\t<\/div>\n\t\t\t<!-- Search by keywords section end-->\n\n\t\t\t<!-- Search by location section start -->\n\t\t\t<div class=\"wpem-col\">\n\t\t\t\t<div class=\"wpem-form-group wpem-location-container\">\n\t\t\t\t\t<label for=\"search_location\" class=\"wpem-form-label\">Lieu<\/label>\n\t\t\t\t\t<input type=\"text\" name=\"search_location\" id=\"search_location\" placeholder=\"Lieu\" value=\"\" \/>\n\t\t\t\t<\/div>\n\t\t\t<\/div>\n\t\t\t<!-- Search by location section end -->\n\n\t\t\t<!-- Search by date section start -->\n\t\t\t\n\t\t\t\t<div class=\"wpem-col\">\n\t\t\t\t\t<div class=\"wpem-form-group\">\n\t\t\t\t\t\t<label for=\"search_datetimes\" class=\"wpem-form-label\">N\u2019importe quelles dates<\/label>\n\t\t\t\t\t\t<input type=\"text\" name=\"search_datetimes[]\" id=\"search_datetimes\" value='' class=\"event-manager-category-dropdown date_range_picker\">\n\t\t\t\t\t<\/div>\n\t\t\t\t<\/div>\n\t\t\t\t\t\t<!-- Search by date section end -->\n\n\t\t<\/div> <!-- \/row -->\n\t\t<div class=\"wpem-row\">\n\t\t\t<!-- Search by event categories section start -->\n\t\t\t\t\t\t\t<div class=\"wpem-col\">\n\t\t\t\t\t<div class=\"wpem-form-group\">\n\t\t\t\t\t\t<label for=\"search_categories\" class=\"wpem-form-label\">Cat\u00e9gorie<\/label>\n\t\t\t\t\t\t<select name='search_categories[]' id='search_categories' class='event-manager-category-dropdown '  data-placeholder='Choisissez une cat\u00e9gorie' data-no_results_text='Aucun r\u00e9sultat ne correspond' data-multiple_text='Choisir la ou les cat\u00e9gori(e)s'>\n<option value=\"\">Choisir une cat\u00e9gorie\u00a0d\u2019\u00e9v\u00e8nement<\/option>\t<option class=\"level-0\" value=\"adulte-loisir\">Adulte loisir<\/option>\n\t<option class=\"level-0\" value=\"baby-gym\">Baby gym<\/option>\n\t<option class=\"level-0\" value=\"federal-a\">F\u00e9d\u00e9ral A<\/option>\n\t<option class=\"level-0\" value=\"federal-b\">F\u00e9d\u00e9ral B<\/option>\n\t<option class=\"level-0\" value=\"loisir\">Loisir<\/option>\n\t<option class=\"level-0\" value=\"parkour\">Parkour<\/option>\n\t<option class=\"level-0\" value=\"performance\">Performance<\/option>\n\t<option class=\"level-0\" value=\"team-gym\">Team Gym<\/option>\n<\/select>\n\t\t\t\t\t<\/div>\n\t\t\t\t<\/div>\n\t\t\t\t\t\t<!-- Search by event categories section end -->\n\n\t\t\t<!-- Search by event type section start -->\n\t\t\t\t\t\t\t<div class=\"wpem-col\">\n\t\t\t\t\t<div class=\"wpem-form-group\">\n\t\t\t\t\t\t<label for=\"search_event_types\" class=\"wpem-form-label\">Type d\u2019\u00e9v\u00e8nement<\/label>\n\t\t\t\t\t\t<select name='search_event_types[]' id='search_event_types' class='event-manager-category-dropdown '  data-placeholder='Choisir un type d\u2019\u00e9v\u00e8nement' data-no_results_text='Aucun r\u00e9sultat ne correspond' data-multiple_text='Choisir les types d\u2019\u00e9v\u00e8nement'>\n<option value=\"\">Choisissez un type d\u2019\u00e9v\u00e8nement<\/option>\t<option class=\"level-0\" value=\"competition\">Comp\u00e9tition<\/option>\n\t<option class=\"level-0\" value=\"gala\">Gala<\/option>\n\t<option class=\"level-0\" value=\"stage\">Stage<\/option>\n<\/select>\n\t\t\t\t\t<\/div>\n\t\t\t\t<\/div>\n\t\t\t\t\t\t<!-- Search by event type section end -->\n\t\t<\/div> <!-- \/row -->\n\n\t\t\n\t<\/div>\n\t<div class=\"showing_applied_filters\"><\/div><\/form>\n<noscript>Votre navigateur ne supporte pas JavaScript, ou il est d\u00e9sactiv\u00e9. JavaScript doit \u00eatre activ\u00e9 pour voir les annonces.<\/noscript><div class=\"wpem-main wpem-event-listings-header\">\r\n    <div class=\"wpem-row\">\r\n        <div class=\"wpem-col wpem-col-12 wpem-col-sm-6 wpem-col-md-6 wpem-col-lg-8\">\r\n            <div class=\"wpem-event-listing-header-title\">\r\n                                    <h2 class=\"wpem-heading-text\">\u00c9v\u00e8nements<\/h2>\r\n                            <\/div>\r\n        <\/div>\r\n        <div class=\"wpem-col wpem-col-12 wpem-col-sm-6 wpem-col-md-6 wpem-col-lg-4\">\r\n            <div class=\"wpem-event-layout-action-wrapper\">\r\n                <div class=\"wpem-event-layout-action\">\r\n                                                                    <div class=\"wpem-event-layout-icon wpem-event-box-layout\" title=\"Vue en bo\u00eete d\u2019\u00e9v\u00e8nements\" id=\"wpem-event-box-layout\"><i class=\"wpem-icon-stop2\"><\/i><\/div>\r\n                        <div class=\"wpem-event-layout-icon wpem-event-list-layout wpem-active-layout\" title=\"Vue en liste des \u00e9v\u00e8nements\" id=\"wpem-event-list-layout\"><i class=\"wpem-icon-menu\"><\/i><\/div>\r\n                                                            <\/div>\r\n            <\/div>\r\n        <\/div>\r\n    <\/div>\r\n<\/div>\r\n\r\n<!-- Event listing view -->\r\n<div class=\"event_listings_main\">\r\n    <div id=\"event-listing-view\" class=\"wpem-main wpem-event-listings event_listings wpem-event-listing-list-view\" data-id=\"all\"><\/div>\n<div id=\"load_more_events_loader\"><a class=\"load_more_events\" id=\"load_more_events\" href=\"#\" style=\"display:none\"><strong>Charger plus d\u2019\u00e9v\u00e8nements<\/strong><\/a><\/div><\/div>\n<\/div>\t\t<\/div>\n\t\t\t\t<\/div>\n\t\t\t\t\t\t<\/div>\n\t\t\t\t\t<\/div>\n\t\t<\/div>\n\t\t\t\t\t\t\t\t<\/div>\n\t\t\t\t\t<\/div>\n\t\t<\/section>\n\t\t\t\t\t\t\t\t\t<\/div>\n\t\t\t<\/div>\n\t\t\t\t\t<\/div>\n\t\t","protected":false},"excerpt":{"rendered":"<p>Retrouvez ici tout le programme des comp\u00e9titions de l&rsquo;ann\u00e9e Mots cl\u00e9s Lieu N\u2019importe quelles dates Cat\u00e9gorie Choisir une cat\u00e9gorie\u00a0d\u2019\u00e9v\u00e8nementAdulte loisirBaby gymF\u00e9d\u00e9ral AF\u00e9d\u00e9ral BLoisirParkourPerformanceTeam Gym Type d\u2019\u00e9v\u00e8nement Choisissez un type d\u2019\u00e9v\u00e8nementComp\u00e9titionGalaStage Votre navigateur ne supporte pas JavaScript, ou il est d\u00e9sactiv\u00e9. JavaScript doit \u00eatre activ\u00e9 pour voir les annonces. \u00c9v\u00e8nements Charger<a class=\"moretag\" href=\"https:\/\/gymequilibre.fr\/club\/competitions\/calendrier\/\"> Lire la suite<\/a><\/p>\n","protected":false},"author":2,"featured_media":3952,"parent":188,"menu_order":1,"comment_status":"closed","ping_status":"closed","template":"","meta":{"footnotes":""},"_links":{"self":[{"href":"https:\/\/gymequilibre.fr\/club\/wp-json\/wp\/v2\/pages\/807"}],"collection":[{"href":"https:\/\/gymequilibre.fr\/club\/wp-json\/wp\/v2\/pages"}],"about":[{"href":"https:\/\/gymequilibre.fr\/club\/wp-json\/wp\/v2\/types\/page"}],"author":[{"embeddable":true,"href":"https:\/\/gymequilibre.fr\/club\/wp-json\/wp\/v2\/users\/2"}],"replies":[{"embeddable":true,"href":"https:\/\/gymequilibre.fr\/club\/wp-json\/wp\/v2\/comments?post=807"}],"version-history":[{"count":47,"href":"https:\/\/gymequilibre.fr\/club\/wp-json\/wp\/v2\/pages\/807\/revisions"}],"predecessor-version":[{"id":4646,"href":"https:\/\/gymequilibre.fr\/club\/wp-json\/wp\/v2\/pages\/807\/revisions\/4646"}],"up":[{"embeddable":true,"href":"https:\/\/gymequilibre.fr\/club\/wp-json\/wp\/v2\/pages\/188"}],"wp:featuredmedia":[{"embeddable":true,"href":"https:\/\/gymequilibre.fr\/club\/wp-json\/wp\/v2\/media\/3952"}],"wp:attachment":[{"href":"https:\/\/gymequilibre.fr\/club\/wp-json\/wp\/v2\/media?parent=807"}],"curies":[{"name":"wp","href":"https:\/\/api.w.org\/{rel}","templated":true}]}}