{"id":3299,"date":"2024-05-12T22:03:44","date_gmt":"2024-05-12T20:03:44","guid":{"rendered":"https:\/\/gymequilibre.fr\/club\/?page_id=3299"},"modified":"2025-08-03T14:22:21","modified_gmt":"2025-08-03T12:22:21","slug":"inscription","status":"publish","type":"page","link":"https:\/\/gymequilibre.fr\/club\/inscription\/","title":{"rendered":"INSCRIPTION"},"content":{"rendered":"\t\t<div data-elementor-type=\"wp-post\" data-elementor-id=\"3299\" class=\"elementor elementor-3299\">\n\t\t\t\t\t\t<div class=\"elementor-inner\">\n\t\t\t\t<div class=\"elementor-section-wrap\">\n\t\t\t\t\t\t\t\t\t<section class=\"elementor-section elementor-top-section elementor-element elementor-element-8f290d1 elementor-section-boxed elementor-section-height-default elementor-section-height-default\" data-id=\"8f290d1\" data-element_type=\"section\">\n\t\t\t\t\t\t<div class=\"elementor-container elementor-column-gap-default\">\n\t\t\t\t\t\t\t<div class=\"elementor-row\">\n\t\t\t\t\t<div class=\"elementor-column elementor-col-100 elementor-top-column elementor-element elementor-element-5e3447a\" data-id=\"5e3447a\" data-element_type=\"column\">\n\t\t\t<div class=\"elementor-column-wrap elementor-element-populated\">\n\t\t\t\t\t\t\t<div class=\"elementor-widget-wrap\">\n\t\t\t\t\t\t<div class=\"elementor-element elementor-element-ea7c209 elementor-widget elementor-widget-text-editor\" data-id=\"ea7c209\" data-element_type=\"widget\" data-widget_type=\"text-editor.default\">\n\t\t\t\t<div class=\"elementor-widget-container\">\n\t\t\t\t\t\t\t\t<div class=\"elementor-text-editor elementor-clearfix\">\n\t\t\t\t<p>Les inscriptions pour la saison 2025-26 sont ouvertes.<\/p>\n<p>Il reste uniquement des places dans les groupes suivants :<\/p>\n<ul><li>Adulte<\/li>\n<li>Parkour<\/li>\n<\/ul>\n<p>Tous nos autres groupes sont COMPLETS, vous pouvez tout de m\u00eame vous inscrire sur liste d&rsquo;attente dans le groupe souhait\u00e9.<\/p>\n<p>Avant de proc\u00e9der \u00e0 l&rsquo;inscription, merci de consulter le planning ci-dessous afin de savoir quel groupe vous pouvez choisir.<\/p>\n<p><img decoding=\"async\" data-emoji=\"\u26a0\ufe0f\" class=\"an1\" alt=\"\u26a0\ufe0f\" aria-label=\"\u26a0\ufe0f\" draggable=\"false\" src=\"https:\/\/fonts.gstatic.com\/s\/e\/notoemoji\/16.0\/26a0_fe0f\/72.png\" loading=\"lazy\" style=\"height: 1.2em; width: 1.2em; color: #222222; font-family: 'Helvetica Neue', Helvetica, Helvetica, Arial, sans-serif; font-size: 14px;\"><span style=\"color: #222222; font-family: 'Helvetica Neue', Helvetica, Helvetica, Arial, sans-serif; font-size: 14px;\">&nbsp;<\/span><strong>Pour valider l&rsquo;inscription, il faut proc\u00e9der au paiement qui vous sera propos\u00e9 via Helloasso apr\u00e8s avoir valid\u00e9 le formulaire d&rsquo;inscription. Toute inscription non r\u00e9gl\u00e9e ne sera pas prise en compte.<\/strong><\/p>\t\t\t\t\t<\/div>\n\t\t\t\t\t\t<\/div>\n\t\t\t\t<\/div>\n\t\t\t\t\t\t<\/div>\n\t\t\t\t\t<\/div>\n\t\t<\/div>\n\t\t\t\t\t\t\t\t<\/div>\n\t\t\t\t\t<\/div>\n\t\t<\/section>\n\t\t\t\t<section class=\"elementor-section elementor-top-section elementor-element elementor-element-35a0ab4 elementor-section-stretched elementor-section-boxed elementor-section-height-default elementor-section-height-default\" data-id=\"35a0ab4\" data-element_type=\"section\" data-settings=\"{&quot;stretch_section&quot;:&quot;section-stretched&quot;}\">\n\t\t\t\t\t\t<div class=\"elementor-container elementor-column-gap-default\">\n\t\t\t\t\t\t\t<div class=\"elementor-row\">\n\t\t\t\t\t<div class=\"elementor-column elementor-col-50 elementor-top-column elementor-element elementor-element-7559457\" data-id=\"7559457\" data-element_type=\"column\" data-settings=\"{&quot;background_background&quot;:&quot;classic&quot;}\">\n\t\t\t<div class=\"elementor-column-wrap elementor-element-populated\">\n\t\t\t\t\t\t\t<div class=\"elementor-widget-wrap\">\n\t\t\t\t\t\t<div class=\"elementor-element elementor-element-0ef7787 elementor-button-info elementor-align-center elementor-widget elementor-widget-button\" data-id=\"0ef7787\" data-element_type=\"widget\" data-widget_type=\"button.default\">\n\t\t\t\t<div class=\"elementor-widget-container\">\n\t\t\t\t\t<div class=\"elementor-button-wrapper\">\n\t\t\t<a href=\"https:\/\/gymequilibre.fr\/club\/tarifs\/\" target=\"_blank\" class=\"elementor-button-link elementor-button elementor-size-lg\" role=\"button\">\n\t\t\t\t\t\t<span class=\"elementor-button-content-wrapper\">\n\t\t\t\t\t\t<span class=\"elementor-button-text\">LES TARIFS 2025-26<\/span>\n\t\t<\/span>\n\t\t\t\t\t<\/a>\n\t\t<\/div>\n\t\t\t\t<\/div>\n\t\t\t\t<\/div>\n\t\t\t\t\t\t<\/div>\n\t\t\t\t\t<\/div>\n\t\t<\/div>\n\t\t\t\t<div class=\"elementor-column elementor-col-50 elementor-top-column elementor-element elementor-element-af1762b\" data-id=\"af1762b\" data-element_type=\"column\" data-settings=\"{&quot;background_background&quot;:&quot;classic&quot;}\">\n\t\t\t<div class=\"elementor-column-wrap elementor-element-populated\">\n\t\t\t\t\t\t\t<div class=\"elementor-widget-wrap\">\n\t\t\t\t\t\t<div class=\"elementor-element elementor-element-3d13c6c elementor-button-info elementor-align-center elementor-widget elementor-widget-button\" data-id=\"3d13c6c\" data-element_type=\"widget\" data-widget_type=\"button.default\">\n\t\t\t\t<div class=\"elementor-widget-container\">\n\t\t\t\t\t<div class=\"elementor-button-wrapper\">\n\t\t\t<a href=\"https:\/\/gymequilibre.fr\/club\/wp-content\/uploads\/2025\/06\/planning-2025-26-1.pdf\" target=\"_blank\" class=\"elementor-button-link elementor-button elementor-size-lg\" role=\"button\">\n\t\t\t\t\t\t<span class=\"elementor-button-content-wrapper\">\n\t\t\t\t\t\t<span class=\"elementor-button-text\">LE PLANNING 2025-26<\/span>\n\t\t<\/span>\n\t\t\t\t\t<\/a>\n\t\t<\/div>\n\t\t\t\t<\/div>\n\t\t\t\t<\/div>\n\t\t\t\t\t\t<\/div>\n\t\t\t\t\t<\/div>\n\t\t<\/div>\n\t\t\t\t\t\t\t\t<\/div>\n\t\t\t\t\t<\/div>\n\t\t<\/section>\n\t\t\t\t<section class=\"elementor-section elementor-top-section elementor-element elementor-element-8285343 elementor-section-stretched elementor-section-boxed elementor-section-height-default elementor-section-height-default\" data-id=\"8285343\" data-element_type=\"section\" data-settings=\"{&quot;stretch_section&quot;:&quot;section-stretched&quot;}\">\n\t\t\t\t\t\t<div class=\"elementor-container elementor-column-gap-default\">\n\t\t\t\t\t\t\t<div class=\"elementor-row\">\n\t\t\t\t\t<div class=\"elementor-column elementor-col-100 elementor-top-column elementor-element elementor-element-9d0489e\" data-id=\"9d0489e\" data-element_type=\"column\" data-settings=\"{&quot;background_background&quot;:&quot;slideshow&quot;,&quot;background_slideshow_gallery&quot;:[],&quot;background_slideshow_slide_duration&quot;:5000,&quot;background_slideshow_slide_transition&quot;:&quot;fade&quot;,&quot;background_slideshow_transition_duration&quot;:500}\">\n\t\t\t<div class=\"elementor-column-wrap elementor-element-populated\">\n\t\t\t\t\t\t\t<div class=\"elementor-widget-wrap\">\n\t\t\t\t\t\t<div class=\"elementor-element elementor-element-b0528a5 elementor-widget elementor-widget-spacer\" data-id=\"b0528a5\" data-element_type=\"widget\" data-widget_type=\"spacer.default\">\n\t\t\t\t<div class=\"elementor-widget-container\">\n\t\t\t\t\t<div class=\"elementor-spacer\">\n\t\t\t<div class=\"elementor-spacer-inner\"><\/div>\n\t\t<\/div>\n\t\t\t\t<\/div>\n\t\t\t\t<\/div>\n\t\t\t\t<div class=\"elementor-element elementor-element-1a51958 elementor-align-center elementor-widget elementor-widget-button\" data-id=\"1a51958\" data-element_type=\"widget\" data-widget_type=\"button.default\">\n\t\t\t\t<div class=\"elementor-widget-container\">\n\t\t\t\t\t<div class=\"elementor-button-wrapper\">\n\t\t\t<a href=\"https:\/\/gestgym.com\/public\/inscription\/add\/85-gym-equilibre-Rp4mRsHkjhZ.html\" target=\"_blank\" class=\"elementor-button-link elementor-button elementor-size-lg\" role=\"button\">\n\t\t\t\t\t\t<span class=\"elementor-button-content-wrapper\">\n\t\t\t\t\t\t\t<span class=\"elementor-button-icon elementor-align-icon-left\">\n\t\t\t\t<i aria-hidden=\"true\" class=\"fas fa-angle-double-right\"><\/i>\t\t\t<\/span>\n\t\t\t\t\t\t<span class=\"elementor-button-text\">S'INSCRIRE<\/span>\n\t\t<\/span>\n\t\t\t\t\t<\/a>\n\t\t<\/div>\n\t\t\t\t<\/div>\n\t\t\t\t<\/div>\n\t\t\t\t<div class=\"elementor-element elementor-element-86c7b40 elementor-widget elementor-widget-spacer\" data-id=\"86c7b40\" data-element_type=\"widget\" data-widget_type=\"spacer.default\">\n\t\t\t\t<div class=\"elementor-widget-container\">\n\t\t\t\t\t<div class=\"elementor-spacer\">\n\t\t\t<div class=\"elementor-spacer-inner\"><\/div>\n\t\t<\/div>\n\t\t\t\t<\/div>\n\t\t\t\t<\/div>\n\t\t\t\t\t\t<\/div>\n\t\t\t\t\t<\/div>\n\t\t<\/div>\n\t\t\t\t\t\t\t\t<\/div>\n\t\t\t\t\t<\/div>\n\t\t<\/section>\n\t\t\t\t<section class=\"elementor-section elementor-top-section elementor-element elementor-element-1c6453c elementor-section-boxed elementor-section-height-default elementor-section-height-default\" data-id=\"1c6453c\" data-element_type=\"section\">\n\t\t\t\t\t\t<div class=\"elementor-container elementor-column-gap-default\">\n\t\t\t\t\t\t\t<div class=\"elementor-row\">\n\t\t\t\t\t<div class=\"elementor-column elementor-col-100 elementor-top-column elementor-element elementor-element-7a78a4b\" data-id=\"7a78a4b\" data-element_type=\"column\">\n\t\t\t<div class=\"elementor-column-wrap elementor-element-populated\">\n\t\t\t\t\t\t\t<div class=\"elementor-widget-wrap\">\n\t\t\t\t\t\t<div class=\"elementor-element elementor-element-d014814 elementor-widget elementor-widget-spacer\" data-id=\"d014814\" data-element_type=\"widget\" data-widget_type=\"spacer.default\">\n\t\t\t\t<div class=\"elementor-widget-container\">\n\t\t\t\t\t<div class=\"elementor-spacer\">\n\t\t\t<div class=\"elementor-spacer-inner\"><\/div>\n\t\t<\/div>\n\t\t\t\t<\/div>\n\t\t\t\t<\/div>\n\t\t\t\t\t\t<\/div>\n\t\t\t\t\t<\/div>\n\t\t<\/div>\n\t\t\t\t\t\t\t\t<\/div>\n\t\t\t\t\t<\/div>\n\t\t<\/section>\n\t\t\t\t<section class=\"elementor-section elementor-top-section elementor-element elementor-element-329c262 elementor-section-boxed elementor-section-height-default elementor-section-height-default\" data-id=\"329c262\" data-element_type=\"section\">\n\t\t\t\t\t\t<div class=\"elementor-container elementor-column-gap-default\">\n\t\t\t\t\t\t\t<div class=\"elementor-row\">\n\t\t\t\t\t<div class=\"elementor-column elementor-col-100 elementor-top-column elementor-element elementor-element-f3c5357\" data-id=\"f3c5357\" data-element_type=\"column\">\n\t\t\t<div class=\"elementor-column-wrap elementor-element-populated\">\n\t\t\t\t\t\t\t<div class=\"elementor-widget-wrap\">\n\t\t\t\t\t\t<div class=\"elementor-element elementor-element-a7f80b4 elementor-widget elementor-widget-timeline-widget-addon\" data-id=\"a7f80b4\" data-element_type=\"widget\" data-widget_type=\"timeline-widget-addon.default\">\n\t\t\t\t<div class=\"elementor-widget-container\">\n\t\t\t<!-- ========= Timeline Widget Addon For Elementor 1.6.6 ========= -->\n<div id=\"twae-wrapper-a7f80b4\" class=\"twae-vertical twae-wrapper  twae-both-sided\">   \n    <div class=\"twae-start\"><\/div>    \n    <div id=\"twea-timeline-a7f80b4\" class=\"twae-timeline\" ><!-- Start of Story Repeater Content --><div id=\"story-c32aaf9\" class=\"twae-story twae-repeater-item twae-story-right twae-story-no-icon\"><!-- Story Label --><div class=\"twae-labels\"><div class=\"twae-label-big\">Planning des cours 2025-2026<\/div><div class=\"twae-label-small\">Juin<\/div><\/div><!-- Story Icon --><div class=\"twae-icon\"><i aria-hidden=\"true\" class=\"far fa-clock\"><\/i><\/div><!-- Story Arrow --><div class=\"twae-arrow\"><\/div><!-- Start of Story Content --><div class=\"twae-content\"><!-- Story Description --><div class=\"twae-description\"><p>Le planning pour la saison 2025-26 est maintenant disponible<\/p><\/div><\/div><\/div><!-- Start of Story Repeater Content --><div id=\"story-ace835f\" class=\"twae-story twae-repeater-item twae-story-left twae-story-no-icon\"><!-- Story Label --><div class=\"twae-labels\"><div class=\"twae-label-big\">Ouverture des r\u00e9inscriptions <\/div><div class=\"twae-label-small\">Juin<\/div><\/div><!-- Story Icon --><div class=\"twae-icon\"><i aria-hidden=\"true\" class=\"far fa-edit\"><\/i><\/div><!-- Story Arrow --><div class=\"twae-arrow\"><\/div><!-- Start of Story Content --><div class=\"twae-content\"><!-- Story Description --><div class=\"twae-description\"><p>Nous priorisons les r\u00e9inscriptions des gymnastes du club, avant ouverture aux nouveaux selon les disponibilit\u00e9s.<\/p><p><em>Lien envoy\u00e9 par mail aux adh\u00e9rents.<\/em><\/p><\/div><\/div><\/div><!-- Start of Story Repeater Content --><div id=\"story-58886f0\" class=\"twae-story twae-repeater-item twae-story-right twae-story-no-icon\"><!-- Story Label --><div class=\"twae-labels\"><div class=\"twae-label-big\">Cours d'essai<\/div><div class=\"twae-label-small\">5 Juillet<\/div><\/div><!-- Story Icon --><div class=\"twae-icon\"><i aria-hidden=\"true\" class=\"far fa-clock\"><\/i><\/div><!-- Story Arrow --><div class=\"twae-arrow\"><\/div><!-- Start of Story Content --><div class=\"twae-content\"><!-- Story Description --><div class=\"twae-description\"><p><span>Envie de tester avant d'inscrire votre enfant \u00e0 la gym ? Venez pour un cours d'essai gratuit !<\/span><\/p><p><span style=\"text-decoration: underline\"><a href=\"https:\/\/gymequilibre.fr\/club\/wp-content\/uploads\/2025\/05\/Cours-dessai-2025.png\">Plus d'informations ici<\/a> <br \/><\/span><\/p><\/div><\/div><\/div><!-- Start of Story Repeater Content --><div id=\"story-98a479b\" class=\"twae-story twae-repeater-item twae-story-left twae-story-no-icon\"><!-- Story Label --><div class=\"twae-labels\"><div class=\"twae-label-big\">Ouverture des inscriptions <\/div><div class=\"twae-label-small\">Juillet<\/div><\/div><!-- Story Icon --><div class=\"twae-icon\"><i aria-hidden=\"true\" class=\"far fa-clock\"><\/i><\/div><!-- Story Arrow --><div class=\"twae-arrow\"><\/div><!-- Start of Story Content --><div class=\"twae-content\"><!-- Story Description --><div class=\"twae-description\"><p>Vous retrouverez ici toutes les informations et documents n\u00e9cessaires.<\/p><\/div><\/div><\/div><!-- Start of Story Repeater Content --><div id=\"story-1224f47\" class=\"twae-story twae-repeater-item twae-story-right twae-story-no-icon\"><!-- Story Label --><div class=\"twae-labels\"><div class=\"twae-label-big\">Reprise des cours<\/div><div class=\"twae-label-small\">Septembre<\/div><\/div><!-- Story Icon --><div class=\"twae-icon\"><\/div><!-- Story Arrow --><div class=\"twae-arrow\"><\/div><!-- Start of Story Content --><div class=\"twae-content\"><!-- Story Image --><div class=\"twae-media large\"><img loading=\"lazy\" width=\"750\" height=\"499\" src=\"https:\/\/gymequilibre.fr\/club\/wp-content\/uploads\/2024\/04\/DSC_0163-1024x681.jpg\" class=\"attachment-large size-large\" alt=\"\" decoding=\"async\" srcset=\"https:\/\/gymequilibre.fr\/club\/wp-content\/uploads\/2024\/04\/DSC_0163-1024x681.jpg 1024w, https:\/\/gymequilibre.fr\/club\/wp-content\/uploads\/2024\/04\/DSC_0163-300x200.jpg 300w, https:\/\/gymequilibre.fr\/club\/wp-content\/uploads\/2024\/04\/DSC_0163-768x511.jpg 768w, https:\/\/gymequilibre.fr\/club\/wp-content\/uploads\/2024\/04\/DSC_0163-1536x1021.jpg 1536w, https:\/\/gymequilibre.fr\/club\/wp-content\/uploads\/2024\/04\/DSC_0163-360x240.jpg 360w, https:\/\/gymequilibre.fr\/club\/wp-content\/uploads\/2024\/04\/DSC_0163.jpg 1600w\" sizes=\"(max-width: 750px) 100vw, 750px\" \/><\/div><\/div><\/div><\/div>\n    <div class=\"twae-end\"><\/div>\n    <\/div><style type=\"text\/css\">@media (max-width: 1024px){ .twae-wrapper{--tw-ybx-size: 80px !important;}}@media (max-width: 767px){ .twae-wrapper{--tw-ybx-size: 80px !important}}<\/style>\t\t<\/div>\n\t\t\t\t<\/div>\n\t\t\t\t<div class=\"elementor-element elementor-element-47801c1 elementor-widget elementor-widget-spacer\" data-id=\"47801c1\" data-element_type=\"widget\" data-widget_type=\"spacer.default\">\n\t\t\t\t<div class=\"elementor-widget-container\">\n\t\t\t\t\t<div class=\"elementor-spacer\">\n\t\t\t<div class=\"elementor-spacer-inner\"><\/div>\n\t\t<\/div>\n\t\t\t\t<\/div>\n\t\t\t\t<\/div>\n\t\t\t\t\t\t<\/div>\n\t\t\t\t\t<\/div>\n\t\t<\/div>\n\t\t\t\t\t\t\t\t<\/div>\n\t\t\t\t\t<\/div>\n\t\t<\/section>\n\t\t\t\t\t\t\t\t\t<\/div>\n\t\t\t<\/div>\n\t\t\t\t\t<\/div>\n\t\t","protected":false},"excerpt":{"rendered":"<p>Les inscriptions pour la saison 2025-26 sont ouvertes. Il reste uniquement des places dans les groupes suivants : Adulte Parkour Tous nos autres groupes sont COMPLETS, vous pouvez tout de m\u00eame vous inscrire sur liste d&rsquo;attente dans le groupe souhait\u00e9. Avant de proc\u00e9der \u00e0 l&rsquo;inscription, merci de consulter le planning<a class=\"moretag\" href=\"https:\/\/gymequilibre.fr\/club\/inscription\/\"> Lire la suite<\/a><\/p>\n","protected":false},"author":5,"featured_media":3325,"parent":0,"menu_order":5,"comment_status":"closed","ping_status":"closed","template":"","meta":{"footnotes":""},"_links":{"self":[{"href":"https:\/\/gymequilibre.fr\/club\/wp-json\/wp\/v2\/pages\/3299"}],"collection":[{"href":"https:\/\/gymequilibre.fr\/club\/wp-json\/wp\/v2\/pages"}],"about":[{"href":"https:\/\/gymequilibre.fr\/club\/wp-json\/wp\/v2\/types\/page"}],"author":[{"embeddable":true,"href":"https:\/\/gymequilibre.fr\/club\/wp-json\/wp\/v2\/users\/5"}],"replies":[{"embeddable":true,"href":"https:\/\/gymequilibre.fr\/club\/wp-json\/wp\/v2\/comments?post=3299"}],"version-history":[{"count":200,"href":"https:\/\/gymequilibre.fr\/club\/wp-json\/wp\/v2\/pages\/3299\/revisions"}],"predecessor-version":[{"id":4620,"href":"https:\/\/gymequilibre.fr\/club\/wp-json\/wp\/v2\/pages\/3299\/revisions\/4620"}],"wp:featuredmedia":[{"embeddable":true,"href":"https:\/\/gymequilibre.fr\/club\/wp-json\/wp\/v2\/media\/3325"}],"wp:attachment":[{"href":"https:\/\/gymequilibre.fr\/club\/wp-json\/wp\/v2\/media?parent=3299"}],"curies":[{"name":"wp","href":"https:\/\/api.w.org\/{rel}","templated":true}]}}